{"id":1301,"date":"2016-08-03T09:57:17","date_gmt":"2016-08-03T09:57:17","guid":{"rendered":"http:\/\/impreza7.us-themes.com\/?page_id=1301"},"modified":"2022-03-08T20:49:44","modified_gmt":"2022-03-08T23:49:44","slug":"servicos","status":"publish","type":"page","link":"https:\/\/sblretificadecabecotes.com\/site\/servicos\/","title":{"rendered":"Servi\u00e7os"},"content":{"rendered":"<section class=\"l-section wpb_row height_medium\"><div class=\"l-section-h i-cf\"><div class=\"g-cols vc_row via_flex valign_top type_default\"><div class=\"vc_col-sm-6 wpb_column vc_column_container \"><div class=\"vc_column-inner us_custom_60e9caca us_animate_this\"><div class=\"wpb_wrapper\"><div class=\"wpb_text_column\"><div class=\"wpb_wrapper\"><h1>Servi\u00e7os<\/h1>\n<\/div><\/div><\/div><\/div><\/div><div class=\"vc_col-sm-6 wpb_column vc_column_container\"><div class=\"vc_column-inner\"><div class=\"wpb_wrapper\"><\/div><\/div><\/div><\/div><\/div><\/section><section class=\"l-section wpb_row us_custom_887a049b height_medium\"><div class=\"l-section-h i-cf\"><div class=\"g-cols vc_row via_flex valign_top type_default\"><div class=\"vc_col-sm-6 wpb_column vc_column_container\"><div class=\"vc_column-inner\"><div class=\"wpb_wrapper\"><div class=\"w-iconbox us_custom_8f7b07a9 us_animate_this iconpos_left style_default color_primary align_left no_title\"><div class=\"w-iconbox-icon\" style=\"font-size:2rem;\"><i class=\"fal fa-check\"><\/i><\/div><div class=\"w-iconbox-meta\"><div class=\"w-iconbox-text\"><p>Desmontagem;<\/p>\n<\/div><\/div><\/div><div class=\"w-iconbox us_custom_26a182a3 us_animate_this iconpos_left style_default color_primary align_left no_title\"><div class=\"w-iconbox-icon\" style=\"font-size:2rem;\"><i class=\"fal fa-check\"><\/i><\/div><div class=\"w-iconbox-meta\"><div class=\"w-iconbox-text\"><p>Banho qu\u00edmico;<\/p>\n<\/div><\/div><\/div><div class=\"w-iconbox us_custom_d717be68 us_animate_this iconpos_left style_default color_primary align_left no_title\"><div class=\"w-iconbox-icon\" style=\"font-size:2rem;\"><i class=\"fal fa-check\"><\/i><\/div><div class=\"w-iconbox-meta\"><div class=\"w-iconbox-text\"><p>Exame dimensional nas pe\u00e7as fixas e m\u00f3veis;<\/p>\n<\/div><\/div><\/div><div class=\"w-iconbox us_custom_74d7a9a5 us_animate_this iconpos_left style_default color_primary align_left no_title\"><div class=\"w-iconbox-icon\" style=\"font-size:2rem;\"><i class=\"fal fa-check\"><\/i><\/div><div class=\"w-iconbox-meta\"><div class=\"w-iconbox-text\"><p>Verifica\u00e7\u00e3o e soldagem de trincas;<\/p>\n<\/div><\/div><\/div><div class=\"w-iconbox us_custom_8561956e us_animate_this iconpos_left style_default color_primary align_left no_title\"><div class=\"w-iconbox-icon\" style=\"font-size:2rem;\"><i class=\"fal fa-check\"><\/i><\/div><div class=\"w-iconbox-meta\"><div class=\"w-iconbox-text\"><p>Analise de face, altura;<\/p>\n<\/div><\/div><\/div><div class=\"w-iconbox us_custom_7f37eb89 us_animate_this iconpos_left style_default color_primary align_left no_title\"><div class=\"w-iconbox-icon\" style=\"font-size:2rem;\"><i class=\"fal fa-check\"><\/i><\/div><div class=\"w-iconbox-meta\"><div class=\"w-iconbox-text\"><p>Descarboniza\u00e7\u00e3o;<\/p>\n<\/div><\/div><\/div><\/div><\/div><\/div><div class=\"vc_col-sm-6 wpb_column vc_column_container\"><div class=\"vc_column-inner\"><div class=\"wpb_wrapper\"><div class=\"w-iconbox us_custom_e234adae us_animate_this iconpos_left style_default color_primary align_left no_title\"><div class=\"w-iconbox-icon\" style=\"font-size:2rem;\"><i class=\"fal fa-check\"><\/i><\/div><div class=\"w-iconbox-meta\"><div class=\"w-iconbox-text\"><p>Verifica\u00e7\u00e3o do alojamento do comando, mandrilar;<\/p>\n<\/div><\/div><\/div><div class=\"w-iconbox us_custom_4bee28a4 us_animate_this iconpos_left style_default color_primary align_left no_title\"><div class=\"w-iconbox-icon\" style=\"font-size:2rem;\"><i class=\"fal fa-check\"><\/i><\/div><div class=\"w-iconbox-meta\"><div class=\"w-iconbox-text\"><p>Plaina do topo do cabe\u00e7ote em casos do procedimento de solda ou empenamento;<\/p>\n<\/div><\/div><\/div><div class=\"w-iconbox us_custom_ba58146f us_animate_this iconpos_left style_default color_primary align_left no_title\"><div class=\"w-iconbox-icon\" style=\"font-size:2rem;\"><i class=\"fal fa-check\"><\/i><\/div><div class=\"w-iconbox-meta\"><div class=\"w-iconbox-text\"><p>Teste de estanqueidade (press\u00e3o) para descobrir poss\u00edveis trincas, rachaduras;<\/p>\n<\/div><\/div><\/div><div class=\"w-iconbox us_custom_a35be2e7 us_animate_this iconpos_left style_default color_primary align_left no_title\"><div class=\"w-iconbox-icon\" style=\"font-size:2rem;\"><i class=\"fal fa-check\"><\/i><\/div><div class=\"w-iconbox-meta\"><div class=\"w-iconbox-text\"><p>Retifica e\/ou substitui\u00e7\u00f5es de v\u00e1lvulas de admiss\u00e3o e escape;<\/p>\n<\/div><\/div><\/div><div class=\"w-iconbox us_custom_52edde2c us_animate_this iconpos_left style_default color_primary align_left no_title\"><div class=\"w-iconbox-icon\" style=\"font-size:2rem;\"><i class=\"fal fa-check\"><\/i><\/div><div class=\"w-iconbox-meta\"><div class=\"w-iconbox-text\"><p>Retifica e\/ou substitui\u00e7\u00f5es de sedes de v\u00e1lvulas.<\/p>\n<\/div><\/div><\/div><\/div><\/div><\/div><\/div><\/div><\/section><section class=\"l-section wpb_row height_auto width_full\"><div class=\"l-section-h i-cf\"><div class=\"g-cols vc_row via_flex valign_top type_default\"><div class=\"vc_col-sm-12 wpb_column vc_column_container\"><div class=\"vc_column-inner\"><div class=\"wpb_wrapper\"><section class=\"l-section wpb_row height_medium\"><div class=\"l-section-h i-cf\"><div class=\"g-cols vc_row via_flex valign_top type_default\"><div class=\"vc_col-sm-12 wpb_column vc_column_container us_animate_afb\"><div class=\"vc_column-inner\"><div class=\"wpb_wrapper\"><div class=\"wpb_text_column\"><div class=\"wpb_wrapper\"><h2>Precisa de mais informa\u00e7\u00f5es?<\/h2>\n<\/div><\/div><\/div><\/div><\/div><\/div><\/div><\/section><section class=\"l-section wpb_row height_medium color_alternate\"><div class=\"l-section-h i-cf\"><div class=\"g-cols vc_row via_flex valign_top type_default\"><div class=\"vc_col-sm-4 wpb_column vc_column_container\"><div class=\"vc_column-inner\"><div class=\"wpb_wrapper\"><div class=\"wpb_text_column us_custom_f3e81ad8 us_animate_this\"><div class=\"wpb_wrapper\"><h4><a href=\"mailto:sac@sblretificadecabecotes.com.br\">sac@sblretificadecabecotes.com.br<\/a><\/h4>\n<\/div><\/div><\/div><\/div><\/div><div class=\"vc_col-sm-8 wpb_column vc_column_container\"><div class=\"vc_column-inner\"><div class=\"wpb_wrapper\"><div class=\"wpb_text_column us_custom_8323c574 us_animate_this\"><div class=\"wpb_wrapper\"><p>Entre em contato conosco para obter mais detalhes sobre <strong>retifica\u00e7\u00f5es de cabe\u00e7otes<\/strong>.<\/p>\n<\/div><\/div><\/div><\/div><\/div><\/div><\/div><\/section>\n<\/div><\/div><\/div><\/div><\/div><\/section>\n","protected":false},"excerpt":{"rendered":"Servi\u00e7os Desmontagem; Banho qu\u00edmico; Exame dimensional nas pe\u00e7as fixas e m\u00f3veis; Verifica\u00e7\u00e3o e soldagem de trincas; Analise de face, altura; Descarboniza\u00e7\u00e3o; Verifica\u00e7\u00e3o do alojamento do comando, mandrilar; Plaina do topo do cabe\u00e7ote em casos do procedimento de solda ou empenamento; Teste de estanqueidade (press\u00e3o) para descobrir poss\u00edveis trincas, rachaduras; Retifica e\/ou substitui\u00e7\u00f5es de v\u00e1lvulas de...","protected":false},"author":1,"featured_media":0,"parent":0,"menu_order":0,"comment_status":"closed","ping_status":"closed","template":"","meta":{"footnotes":""},"class_list":["post-1301","page","type-page","status-publish","hentry"],"_links":{"self":[{"href":"https:\/\/sblretificadecabecotes.com\/site\/wp-json\/wp\/v2\/pages\/1301","targetHints":{"allow":["GET"]}}],"collection":[{"href":"https:\/\/sblretificadecabecotes.com\/site\/wp-json\/wp\/v2\/pages"}],"about":[{"href":"https:\/\/sblretificadecabecotes.com\/site\/wp-json\/wp\/v2\/types\/page"}],"author":[{"embeddable":true,"href":"https:\/\/sblretificadecabecotes.com\/site\/wp-json\/wp\/v2\/users\/1"}],"replies":[{"embeddable":true,"href":"https:\/\/sblretificadecabecotes.com\/site\/wp-json\/wp\/v2\/comments?post=1301"}],"version-history":[{"count":3,"href":"https:\/\/sblretificadecabecotes.com\/site\/wp-json\/wp\/v2\/pages\/1301\/revisions"}],"predecessor-version":[{"id":3855,"href":"https:\/\/sblretificadecabecotes.com\/site\/wp-json\/wp\/v2\/pages\/1301\/revisions\/3855"}],"wp:attachment":[{"href":"https:\/\/sblretificadecabecotes.com\/site\/wp-json\/wp\/v2\/media?parent=1301"}],"curies":[{"name":"wp","href":"https:\/\/api.w.org\/{rel}","templated":true}]}}