{"id":1541,"date":"2016-08-04T13:32:08","date_gmt":"2016-08-04T13:32:08","guid":{"rendered":"http:\/\/impreza7.us-themes.com\/?page_id=1541"},"modified":"2022-03-10T09:46:37","modified_gmt":"2022-03-10T12:46:37","slug":"contato","status":"publish","type":"page","link":"https:\/\/sblretificadecabecotes.com\/site\/contato\/","title":{"rendered":"Contato"},"content":{"rendered":"<section class=\"l-section wpb_row height_medium\"><div class=\"l-section-h i-cf\"><div class=\"g-cols vc_row via_flex valign_top type_default\"><div class=\"vc_col-sm-12 wpb_column vc_column_container \"><div class=\"vc_column-inner us_custom_60e9caca us_animate_this\"><div class=\"wpb_wrapper\"><div class=\"wpb_text_column\"><div class=\"wpb_wrapper\"><h1>Contato<\/h1>\n<\/div><\/div><div class=\"w-separator size_large\"><\/div><div class=\"g-cols wpb_row via_flex valign_middle type_default\"><div class=\"vc_col-sm-6 wpb_column vc_column_container\"><div class=\"vc_column-inner\"><div class=\"wpb_wrapper\"><div class=\"wpb_text_column us_custom_4481559d\"><div class=\"wpb_wrapper\"><p>Envie-me um e-mail para tirar alguma d\u00favida, fazer perguntas gerais ou ligue para nos:<\/p>\n<\/div><\/div><\/div><\/div><\/div><div class=\"vc_col-sm-6 wpb_column vc_column_container\"><div class=\"vc_column-inner\"><div class=\"wpb_wrapper\"><div class=\"wpb_text_column us_custom_c0c8ba23\"><div class=\"wpb_wrapper\"><h3 style=\"margin-bottom: 0px;\"><a href=\"mailto:sac@sblretificadecabecotes.com.br\">sac@sblretificadecabecotes.com.br<\/a><\/h3>\n<h3 style=\"margin-bottom: 0px;\"><a href=\"tel:+551129544200\">11 2954-4200<\/a><\/h3>\n<h3 style=\"margin-bottom: 0px;\"><a href=\"https:\/\/api.whatsapp.com\/send?phone=551129544200\">11 2954-1525<\/a><\/h3>\n<\/div><\/div><\/div><\/div><\/div><\/div><\/div><\/div><\/div><\/div><\/div><\/section><section class=\"l-section wpb_row us_custom_887a049b height_medium\"><div class=\"l-section-h i-cf\"><div class=\"g-cols vc_row via_flex valign_top type_default\"><div class=\"vc_col-sm-6 wpb_column vc_column_container \"><div class=\"vc_column-inner us_custom_60e9caca us_animate_this\"><div class=\"wpb_wrapper\"><div class=\"wpb_text_column us_custom_4481559d\"><div class=\"wpb_wrapper\"><p>Formul\u00e1rio de contato para obter detalhes de um or\u00e7amento.<\/p>\n<\/div><\/div><\/div><\/div><\/div><div class=\"vc_col-sm-6 wpb_column vc_column_container \"><div class=\"vc_column-inner us_custom_f70d789f us_animate_this\"><div class=\"wpb_wrapper\"><form class=\"w-form  layout_ver for_cform us_form_1\" autocomplete=\"off\" action=\"https:\/\/sblretificadecabecotes.com\/site\/site\/wp-json\/wp\/v2\/pages\/1541\" method=\"post\"><div class=\"w-form-h\"><div class=\"w-form-row for_text has_label move_label required\">\r\n\t\t\t<div class=\"w-form-row-label\">\r\n\t\t\t<span>Nome *<\/span>\r\n\t\t<\/div>\r\n\t\t<div class=\"w-form-row-field\">\r\n\t\t\t\t\t\t<input aria-label=\"Nome\" type=\"text\" name=\"us_form_1_text_1\" value placeholder=\"Nome\" data-required=\"true\" aria-required=\"true\"\/>\r\n\t\t\t<\/div>\r\n\t\t<div class=\"w-form-row-state\">Preencha esse campo<\/div>\r\n<\/div>\r\n<div class=\"w-form-row for_email has_label move_label required\">\r\n\t\t\t<div class=\"w-form-row-label\">\r\n\t\t\t<span>Email *<\/span>\r\n\t\t<\/div>\r\n\t\t<div class=\"w-form-row-field\">\r\n\t\t\t\t\t\t<input aria-label=\"Email\" type=\"email\" name=\"us_form_1_email_1\" value placeholder data-required=\"true\" aria-required=\"true\"\/>\r\n\t\t\t<\/div>\r\n\t\t<div class=\"w-form-row-state\">Digite um endere\u00e7o de e-mail v\u00e1lido.<\/div>\r\n<\/div>\r\n<div class=\"w-form-row for_textarea has_label move_label required\">\r\n\t\t\t<div class=\"w-form-row-label\">\r\n\t\t\t<span>Message *<\/span>\r\n\t\t<\/div>\r\n\t\t<div class=\"w-form-row-field\">\r\n\t\t\t\t\t\t<textarea aria-label=\"Message\" name=\"us_form_1_textarea_1\" placeholder data-required=\"true\" aria-required=\"true\"><\/textarea>\r\n\t\t\t<\/div>\r\n\t\t<div class=\"w-form-row-state\">Preencha esse campo<\/div>\r\n<\/div>\r\n<input type=\"hidden\" name=\"action\" value=\"us_ajax_cform\" \/>\r\n<input type=\"hidden\" name=\"post_id\" value=\"0\" \/>\r\n<input type=\"hidden\" name=\"form_index\" value=\"1\" \/>\r\n<div class=\"w-form-row for_submit align_none\">\r\n\t<div class=\"w-form-row-field\">\r\n\t\t<button class=\"w-btn  us-btn-style_3\" aria-label=\"Enviar mensagem\" type=\"submit\">\r\n\t\t\t<span class=\"g-preloader type_1\"><\/span>\r\n\t\t\t\t\t\t<span class=\"w-btn-label\">Enviar mensagem<\/span>\r\n\t\t\t\t\t<\/button>\r\n\t<\/div>\r\n<\/div>\r\n<\/div><div class=\"w-form-message\"><\/div><div class=\"w-form-json hidden\" onclick='return {&quot;ajaxurl&quot;:&quot;https:\\\/\\\/sblretificadecabecotes.com\\\/site\\\/wp-admin\\\/admin-ajax.php&quot;}'><\/div><\/form><\/div><\/div><\/div><\/div><\/div><\/section><section class=\"l-section wpb_row height_auto width_full color_alternate\"><div class=\"l-section-h i-cf\"><div class=\"g-cols vc_row via_flex valign_middle type_default\"><div class=\"vc_col-sm-12 wpb_column vc_column_container \"><div class=\"vc_column-inner us_custom_60e9caca us_animate_this\"><div class=\"wpb_wrapper\">[vc_raw_html]JTNDaWZyYW1lJTIwc3JjJTNEJTIyaHR0cHMlM0ElMkYlMkZ3d3cuZ29vZ2xlLmNvbSUyRm1hcHMlMkZlbWJlZCUzRnBiJTNEJTIxMW0xOCUyMTFtMTIlMjExbTMlMjExZDM2NTguNDA5MjkxODQ0MDkyNCUyMTJkLTQ2LjU5NjczNzk4NDYyNTI3JTIxM2QtMjMuNTE3Nzc3MDg0NzA0NTg3JTIxMm0zJTIxMWYwJTIxMmYwJTIxM2YwJTIxM20yJTIxMWkxMDI0JTIxMmk3NjglMjE0ZjEzLjElMjEzbTMlMjExbTIlMjExczB4OTRjZTU4Y2IyMDE5MTQyYiUyNTNBMHg3NzcyODkyNDc5Njk2ZmU1JTIxMnNSdWElMjUyMERpYW1hbnRpbmElMjUyQyUyNTIwNjglMjUyMC0lMjUyMFZpbGElMjUyME1hcmlhJTI1MjBCYWl4YSUyNTJDJTI1MjBTJTI1QzMlMjVBM28lMjUyMFBhdWxvJTI1MjAtJTI1MjBTUCUyNTJDJTI1MjAwMjExNy0wMTAlMjE1ZTAlMjEzbTIlMjExc3B0LUJSJTIxMnNiciUyMTR2MTY0Njc4MjYzNTIyMSUyMTVtMiUyMTFzcHQtQlIlMjEyc2JyJTIyJTIwc3R5bGUlM0QlMjJ3aWR0aCUzQTEwMCUyNSUzQiUyMGhlaWdodCUzQTQwMHB4JTNCJTIwYm9yZGVyJTNBMCUzQiUyMiUyMGFsbG93ZnVsbHNjcmVlbiUzRCUyMiUyMiUyMGxvYWRpbmclM0QlMjJsYXp5JTIyJTNFJTNDJTJGaWZyYW1lJTNF[\/vc_raw_html]<\/div><\/div><\/div><\/div><\/div><\/section>\n","protected":false},"excerpt":{"rendered":"Contato Envie-me um e-mail para tirar alguma d\u00favida, fazer perguntas gerais ou ligue para nos: sac@sblretificadecabecotes.com.br 11 2954-4200 11 2954-1525 Formul\u00e1rio de contato para obter detalhes de um or\u00e7amento. Nome * Preencha esse campo Email * Digite um endere\u00e7o de e-mail v\u00e1lido. Message * Preencha esse campo Enviar mensagem [vc_raw_html]JTNDaWZyYW1lJTIwc3JjJTNEJTIyaHR0cHMlM0ElMkYlMkZ3d3cuZ29vZ2xlLmNvbSUyRm1hcHMlMkZlbWJlZCUzRnBiJTNEJTIxMW0xOCUyMTFtMTIlMjExbTMlMjExZDM2NTguNDA5MjkxODQ0MDkyNCUyMTJkLTQ2LjU5NjczNzk4NDYyNTI3JTIxM2QtMjMuNTE3Nzc3MDg0NzA0NTg3JTIxMm0zJTIxMWYwJTIxMmYwJTIxM2YwJTIxM20yJTIxMWkxMDI0JTIxMmk3NjglMjE0ZjEzLjElMjEzbTMlMjExbTIlMjExczB4OTRjZTU4Y2IyMDE5MTQyYiUyNTNBMHg3NzcyODkyNDc5Njk2ZmU1JTIxMnNSdWElMjUyMERpYW1hbnRpbmElMjUyQyUyNTIwNjglMjUyMC0lMjUyMFZpbGElMjUyME1hcmlhJTI1MjBCYWl4YSUyNTJDJTI1MjBTJTI1QzMlMjVBM28lMjUyMFBhdWxvJTI1MjAtJTI1MjBTUCUyNTJDJTI1MjAwMjExNy0wMTAlMjE1ZTAlMjEzbTIlMjExc3B0LUJSJTIxMnNiciUyMTR2MTY0Njc4MjYzNTIyMSUyMTVtMiUyMTFzcHQtQlIlMjEyc2JyJTIyJTIwc3R5bGUlM0QlMjJ3aWR0aCUzQTEwMCUyNSUzQiUyMGhlaWdodCUzQTQwMHB4JTNCJTIwYm9yZGVyJTNBMCUzQiUyMiUyMGFsbG93ZnVsbHNjcmVlbiUzRCUyMiUyMiUyMGxvYWRpbmclM0QlMjJsYXp5JTIyJTNFJTNDJTJGaWZyYW1lJTNF[\/vc_raw_html]","protected":false},"author":1,"featured_media":0,"parent":0,"menu_order":0,"comment_status":"closed","ping_status":"closed","template":"","meta":{"footnotes":""},"class_list":["post-1541","page","type-page","status-publish","hentry"],"_links":{"self":[{"href":"https:\/\/sblretificadecabecotes.com\/site\/wp-json\/wp\/v2\/pages\/1541","targetHints":{"allow":["GET"]}}],"collection":[{"href":"https:\/\/sblretificadecabecotes.com\/site\/wp-json\/wp\/v2\/pages"}],"about":[{"href":"https:\/\/sblretificadecabecotes.com\/site\/wp-json\/wp\/v2\/types\/page"}],"author":[{"embeddable":true,"href":"https:\/\/sblretificadecabecotes.com\/site\/wp-json\/wp\/v2\/users\/1"}],"replies":[{"embeddable":true,"href":"https:\/\/sblretificadecabecotes.com\/site\/wp-json\/wp\/v2\/comments?post=1541"}],"version-history":[{"count":6,"href":"https:\/\/sblretificadecabecotes.com\/site\/wp-json\/wp\/v2\/pages\/1541\/revisions"}],"predecessor-version":[{"id":3864,"href":"https:\/\/sblretificadecabecotes.com\/site\/wp-json\/wp\/v2\/pages\/1541\/revisions\/3864"}],"wp:attachment":[{"href":"https:\/\/sblretificadecabecotes.com\/site\/wp-json\/wp\/v2\/media?parent=1541"}],"curies":[{"name":"wp","href":"https:\/\/api.w.org\/{rel}","templated":true}]}}