{"id":3199,"date":"2019-09-06T10:12:56","date_gmt":"2019-09-06T10:12:56","guid":{"rendered":"http:\/\/impreza16.us-themes.com\/?page_id=3199"},"modified":"2022-03-21T10:04:40","modified_gmt":"2022-03-21T13:04:40","slug":"galeria","status":"publish","type":"page","link":"https:\/\/sblretificadecabecotes.com\/site\/galeria\/","title":{"rendered":"Galeria"},"content":{"rendered":"<section class=\"l-section wpb_row height_medium\"><div class=\"l-section-h i-cf\"><div class=\"g-cols vc_row via_flex valign_top type_default\"><div class=\"vc_col-sm-4 wpb_column vc_column_container \"><div class=\"vc_column-inner us_custom_60e9caca us_animate_this\"><div class=\"wpb_wrapper\"><div class=\"wpb_text_column\"><div class=\"wpb_wrapper\"><h1>Galeria<\/h1>\n<\/div><\/div><\/div><\/div><\/div><div class=\"vc_col-sm-8 wpb_column vc_column_container\"><div class=\"vc_column-inner\"><div class=\"wpb_wrapper\"><\/div><\/div><\/div><\/div><\/div><\/section><section class=\"l-section wpb_row height_auto width_full\"><div class=\"l-section-h i-cf\"><div class=\"g-cols vc_row via_flex valign_top type_default\"><div class=\"vc_col-sm-12 wpb_column vc_column_container\"><div class=\"vc_column-inner\"><div class=\"wpb_wrapper\"><div class=\"w-grid us_custom_6618e26b type_grid layout_3841 cols_5 with_css_animation ratio_1x1\" id=\"us_grid_1\" data-filterable=\"true\"><style>#us_grid_1 .w-grid-item{padding:15px}#us_grid_1 .w-grid-list{margin:-15px -15px 15px}.w-grid + #us_grid_1 .w-grid-list,.w-grid-none + #us_grid_1 .w-grid-list{margin-top:15px}@media (max-width:1199px){#us_grid_1 .w-grid-item{width:33.3333%}#us_grid_1 .w-grid-item.size_2x1,#us_grid_1 .w-grid-item.size_2x2{width:66.6667%}}@media (max-width:899px){#us_grid_1 .w-grid-item{width:50%}#us_grid_1 .w-grid-item.size_2x1,#us_grid_1 .w-grid-item.size_2x2{width:100%}}@media (max-width:599px){#us_grid_1 .w-grid-item{width:50%}#us_grid_1 .w-grid-item.size_2x1,#us_grid_1 .w-grid-item.size_2x2{width:100%}}@media (min-width:1024px){#us_grid_1 .w-post-elm.post_title{font-size:2rem!important}}.layout_3841 .w-grid-item-h:before{padding-bottom:100%}@media (min-width:600px){.layout_3841 .w-grid-item.size_1x2 .w-grid-item-h:before{padding-bottom:calc(200% + 15px + 15px)}.layout_3841 .w-grid-item.size_2x1 .w-grid-item-h:before{padding-bottom:calc(50% - 15px * 1)}.layout_3841 .w-grid-item.size_2x2 .w-grid-item-h:before{padding-bottom:calc(100% - 15px * 0)}}.layout_3841 .w-grid-item-h{box-shadow:0 0rem 0rem rgba(0,0,0,0.1),0 0rem 0rem rgba(0,0,0,0.1);transition-duration:0.3s}.no-touch .layout_3841 .w-grid-item-h:hover{box-shadow:0 0.04rem 0.08rem rgba(0,0,0,0.1),0 0.13rem 0.4rem rgba(0,0,0,0.15);z-index:4}.layout_3841 .usg_post_image_1{padding:0px!important;background:#ffffff!important;border:1px solid #d4d4d4!important}<\/style><div class=\"w-grid-list\">\t<article class=\"w-grid-item us_animate_afb post-3840 attachment type-attachment status-inherit hentry\" data-id=\"3840\" style=\"animation-delay:0s\">\r\n\t\t<div class=\"w-grid-item-h\">\r\n\t\t\t\t\t\t\t<a class=\"w-grid-item-anchor\" href=\"https:\/\/sblretificadecabecotes.com\/site\/wp-content\/uploads\/2022\/03\/solda-bloco-retifica-solda-cabecotes-sao-paulo-3.jpg\" ref=\"magnificPopupGrid\" title=\"solda-bloco-retifica-solda-cabecotes-sao-paulo-3\"><\/a>\r\n\t\t\t\t\t\t<div class=\"w-post-elm post_image usg_post_image_1 stretched\"><a href=\"https:\/\/sblretificadecabecotes.com\/site\/wp-content\/uploads\/2022\/03\/solda-bloco-retifica-solda-cabecotes-sao-paulo-3.jpg\" ref=\"magnificPopup\" aria-label=\"solda-bloco-retifica-solda-cabecotes-sao-paulo-3\"><img loading=\"lazy\" decoding=\"async\" width=\"440\" height=\"600\" src=\"https:\/\/sblretificadecabecotes.com\/site\/wp-content\/uploads\/2022\/03\/solda-bloco-retifica-solda-cabecotes-sao-paulo-3.jpg\" class=\"attachment-large size-large\" alt=\"\" srcset=\"https:\/\/sblretificadecabecotes.com\/site\/wp-content\/uploads\/2022\/03\/solda-bloco-retifica-solda-cabecotes-sao-paulo-3.jpg 440w, https:\/\/sblretificadecabecotes.com\/site\/wp-content\/uploads\/2022\/03\/solda-bloco-retifica-solda-cabecotes-sao-paulo-3-220x300.jpg 220w\" sizes=\"auto, (max-width: 440px) 100vw, 440px\" \/><\/a><\/div>\t\t<\/div>\r\n\t<\/article>\r\n\t<article class=\"w-grid-item us_animate_afb post-3838 attachment type-attachment status-inherit hentry\" data-id=\"3838\" style=\"animation-delay:0.1s\">\r\n\t\t<div class=\"w-grid-item-h\">\r\n\t\t\t\t\t\t\t<a class=\"w-grid-item-anchor\" href=\"https:\/\/sblretificadecabecotes.com\/site\/wp-content\/uploads\/2022\/03\/solda-bloco-retifica-solda-cabecotes-sao-paulo-1.jpg\" ref=\"magnificPopupGrid\" title=\"solda-bloco-retifica-solda-cabecotes-sao-paulo-1\"><\/a>\r\n\t\t\t\t\t\t<div class=\"w-post-elm post_image usg_post_image_1 stretched\"><a href=\"https:\/\/sblretificadecabecotes.com\/site\/wp-content\/uploads\/2022\/03\/solda-bloco-retifica-solda-cabecotes-sao-paulo-1.jpg\" ref=\"magnificPopup\" aria-label=\"solda-bloco-retifica-solda-cabecotes-sao-paulo-1\"><img loading=\"lazy\" decoding=\"async\" width=\"440\" height=\"600\" src=\"https:\/\/sblretificadecabecotes.com\/site\/wp-content\/uploads\/2022\/03\/solda-bloco-retifica-solda-cabecotes-sao-paulo-1.jpg\" class=\"attachment-large size-large\" alt=\"\" srcset=\"https:\/\/sblretificadecabecotes.com\/site\/wp-content\/uploads\/2022\/03\/solda-bloco-retifica-solda-cabecotes-sao-paulo-1.jpg 440w, https:\/\/sblretificadecabecotes.com\/site\/wp-content\/uploads\/2022\/03\/solda-bloco-retifica-solda-cabecotes-sao-paulo-1-220x300.jpg 220w\" sizes=\"auto, (max-width: 440px) 100vw, 440px\" \/><\/a><\/div>\t\t<\/div>\r\n\t<\/article>\r\n\t<article class=\"w-grid-item us_animate_afb post-3837 attachment type-attachment status-inherit hentry\" data-id=\"3837\" style=\"animation-delay:0.2s\">\r\n\t\t<div class=\"w-grid-item-h\">\r\n\t\t\t\t\t\t\t<a class=\"w-grid-item-anchor\" href=\"https:\/\/sblretificadecabecotes.com\/site\/wp-content\/uploads\/2022\/03\/sbl-retifica-cabecotes-motor-diesel-sao-paulo-solda-bloco-vila-maria.jpg\" ref=\"magnificPopupGrid\" title=\"sbl-retifica-cabecotes-motor-diesel-sao-paulo-solda-bloco-vila-maria\"><\/a>\r\n\t\t\t\t\t\t<div class=\"w-post-elm post_image usg_post_image_1 stretched\"><a href=\"https:\/\/sblretificadecabecotes.com\/site\/wp-content\/uploads\/2022\/03\/sbl-retifica-cabecotes-motor-diesel-sao-paulo-solda-bloco-vila-maria.jpg\" ref=\"magnificPopup\" aria-label=\"sbl-retifica-cabecotes-motor-diesel-sao-paulo-solda-bloco-vila-maria\"><img loading=\"lazy\" decoding=\"async\" width=\"440\" height=\"600\" src=\"https:\/\/sblretificadecabecotes.com\/site\/wp-content\/uploads\/2022\/03\/sbl-retifica-cabecotes-motor-diesel-sao-paulo-solda-bloco-vila-maria.jpg\" class=\"attachment-large size-large\" alt=\"\" srcset=\"https:\/\/sblretificadecabecotes.com\/site\/wp-content\/uploads\/2022\/03\/sbl-retifica-cabecotes-motor-diesel-sao-paulo-solda-bloco-vila-maria.jpg 440w, https:\/\/sblretificadecabecotes.com\/site\/wp-content\/uploads\/2022\/03\/sbl-retifica-cabecotes-motor-diesel-sao-paulo-solda-bloco-vila-maria-220x300.jpg 220w\" sizes=\"auto, (max-width: 440px) 100vw, 440px\" \/><\/a><\/div>\t\t<\/div>\r\n\t<\/article>\r\n\t<article class=\"w-grid-item us_animate_afb post-3836 attachment type-attachment status-inherit hentry\" data-id=\"3836\" style=\"animation-delay:0.3s\">\r\n\t\t<div class=\"w-grid-item-h\">\r\n\t\t\t\t\t\t\t<a class=\"w-grid-item-anchor\" href=\"https:\/\/sblretificadecabecotes.com\/site\/wp-content\/uploads\/2022\/03\/sbl-retifica-cabecotes-motor-diesel-sao-paulo-solda-bloco-vila-maria-12.jpg\" ref=\"magnificPopupGrid\" title=\"sbl-retifica-cabecotes-motor-diesel-sao-paulo-solda-bloco-vila-maria-12\"><\/a>\r\n\t\t\t\t\t\t<div class=\"w-post-elm post_image usg_post_image_1 stretched\"><a href=\"https:\/\/sblretificadecabecotes.com\/site\/wp-content\/uploads\/2022\/03\/sbl-retifica-cabecotes-motor-diesel-sao-paulo-solda-bloco-vila-maria-12.jpg\" ref=\"magnificPopup\" aria-label=\"sbl-retifica-cabecotes-motor-diesel-sao-paulo-solda-bloco-vila-maria-12\"><img loading=\"lazy\" decoding=\"async\" width=\"440\" height=\"600\" src=\"https:\/\/sblretificadecabecotes.com\/site\/wp-content\/uploads\/2022\/03\/sbl-retifica-cabecotes-motor-diesel-sao-paulo-solda-bloco-vila-maria-12.jpg\" class=\"attachment-large size-large\" alt=\"\" srcset=\"https:\/\/sblretificadecabecotes.com\/site\/wp-content\/uploads\/2022\/03\/sbl-retifica-cabecotes-motor-diesel-sao-paulo-solda-bloco-vila-maria-12.jpg 440w, https:\/\/sblretificadecabecotes.com\/site\/wp-content\/uploads\/2022\/03\/sbl-retifica-cabecotes-motor-diesel-sao-paulo-solda-bloco-vila-maria-12-220x300.jpg 220w\" sizes=\"auto, (max-width: 440px) 100vw, 440px\" \/><\/a><\/div>\t\t<\/div>\r\n\t<\/article>\r\n\t<article class=\"w-grid-item us_animate_afb post-3835 attachment type-attachment status-inherit hentry\" data-id=\"3835\" style=\"animation-delay:0.4s\">\r\n\t\t<div class=\"w-grid-item-h\">\r\n\t\t\t\t\t\t\t<a class=\"w-grid-item-anchor\" href=\"https:\/\/sblretificadecabecotes.com\/site\/wp-content\/uploads\/2022\/03\/sbl-retifica-cabecotes-motor-diesel-sao-paulo-solda-bloco-vila-maria-11.jpg\" ref=\"magnificPopupGrid\" title=\"sbl-retifica-cabecotes-motor-diesel-sao-paulo-solda-bloco-vila-maria-11\"><\/a>\r\n\t\t\t\t\t\t<div class=\"w-post-elm post_image usg_post_image_1 stretched\"><a href=\"https:\/\/sblretificadecabecotes.com\/site\/wp-content\/uploads\/2022\/03\/sbl-retifica-cabecotes-motor-diesel-sao-paulo-solda-bloco-vila-maria-11.jpg\" ref=\"magnificPopup\" aria-label=\"sbl-retifica-cabecotes-motor-diesel-sao-paulo-solda-bloco-vila-maria-11\"><img loading=\"lazy\" decoding=\"async\" width=\"440\" height=\"600\" src=\"https:\/\/sblretificadecabecotes.com\/site\/wp-content\/uploads\/2022\/03\/sbl-retifica-cabecotes-motor-diesel-sao-paulo-solda-bloco-vila-maria-11.jpg\" class=\"attachment-large size-large\" alt=\"\" srcset=\"https:\/\/sblretificadecabecotes.com\/site\/wp-content\/uploads\/2022\/03\/sbl-retifica-cabecotes-motor-diesel-sao-paulo-solda-bloco-vila-maria-11.jpg 440w, https:\/\/sblretificadecabecotes.com\/site\/wp-content\/uploads\/2022\/03\/sbl-retifica-cabecotes-motor-diesel-sao-paulo-solda-bloco-vila-maria-11-220x300.jpg 220w\" sizes=\"auto, (max-width: 440px) 100vw, 440px\" \/><\/a><\/div>\t\t<\/div>\r\n\t<\/article>\r\n\t<article class=\"w-grid-item us_animate_afb post-3834 attachment type-attachment status-inherit hentry\" data-id=\"3834\" style=\"animation-delay:0.5s\">\r\n\t\t<div class=\"w-grid-item-h\">\r\n\t\t\t\t\t\t\t<a class=\"w-grid-item-anchor\" href=\"https:\/\/sblretificadecabecotes.com\/site\/wp-content\/uploads\/2022\/03\/sbl-retifica-cabecotes-motor-diesel-sao-paulo-solda-bloco-vila-maria-10.jpg\" ref=\"magnificPopupGrid\" title=\"sbl-retifica-cabecotes-motor-diesel-sao-paulo-solda-bloco-vila-maria-10\"><\/a>\r\n\t\t\t\t\t\t<div class=\"w-post-elm post_image usg_post_image_1 stretched\"><a href=\"https:\/\/sblretificadecabecotes.com\/site\/wp-content\/uploads\/2022\/03\/sbl-retifica-cabecotes-motor-diesel-sao-paulo-solda-bloco-vila-maria-10.jpg\" ref=\"magnificPopup\" aria-label=\"sbl-retifica-cabecotes-motor-diesel-sao-paulo-solda-bloco-vila-maria-10\"><img loading=\"lazy\" decoding=\"async\" width=\"440\" height=\"600\" src=\"https:\/\/sblretificadecabecotes.com\/site\/wp-content\/uploads\/2022\/03\/sbl-retifica-cabecotes-motor-diesel-sao-paulo-solda-bloco-vila-maria-10.jpg\" class=\"attachment-large size-large\" alt=\"\" srcset=\"https:\/\/sblretificadecabecotes.com\/site\/wp-content\/uploads\/2022\/03\/sbl-retifica-cabecotes-motor-diesel-sao-paulo-solda-bloco-vila-maria-10.jpg 440w, https:\/\/sblretificadecabecotes.com\/site\/wp-content\/uploads\/2022\/03\/sbl-retifica-cabecotes-motor-diesel-sao-paulo-solda-bloco-vila-maria-10-220x300.jpg 220w\" sizes=\"auto, (max-width: 440px) 100vw, 440px\" \/><\/a><\/div>\t\t<\/div>\r\n\t<\/article>\r\n\t<article class=\"w-grid-item us_animate_afb post-3833 attachment type-attachment status-inherit hentry\" data-id=\"3833\" style=\"animation-delay:0.6s\">\r\n\t\t<div class=\"w-grid-item-h\">\r\n\t\t\t\t\t\t\t<a class=\"w-grid-item-anchor\" href=\"https:\/\/sblretificadecabecotes.com\/site\/wp-content\/uploads\/2022\/03\/sbl-retifica-cabecotes-motor-diesel-sao-paulo-solda-bloco-vila-maria-9.jpg\" ref=\"magnificPopupGrid\" title=\"sbl-retifica-cabecotes-motor-diesel-sao-paulo-solda-bloco-vila-maria-9\"><\/a>\r\n\t\t\t\t\t\t<div class=\"w-post-elm post_image usg_post_image_1 stretched\"><a href=\"https:\/\/sblretificadecabecotes.com\/site\/wp-content\/uploads\/2022\/03\/sbl-retifica-cabecotes-motor-diesel-sao-paulo-solda-bloco-vila-maria-9.jpg\" ref=\"magnificPopup\" aria-label=\"sbl-retifica-cabecotes-motor-diesel-sao-paulo-solda-bloco-vila-maria-9\"><img loading=\"lazy\" decoding=\"async\" width=\"443\" height=\"600\" src=\"https:\/\/sblretificadecabecotes.com\/site\/wp-content\/uploads\/2022\/03\/sbl-retifica-cabecotes-motor-diesel-sao-paulo-solda-bloco-vila-maria-9.jpg\" class=\"attachment-large size-large\" alt=\"\" srcset=\"https:\/\/sblretificadecabecotes.com\/site\/wp-content\/uploads\/2022\/03\/sbl-retifica-cabecotes-motor-diesel-sao-paulo-solda-bloco-vila-maria-9.jpg 443w, https:\/\/sblretificadecabecotes.com\/site\/wp-content\/uploads\/2022\/03\/sbl-retifica-cabecotes-motor-diesel-sao-paulo-solda-bloco-vila-maria-9-222x300.jpg 222w\" sizes=\"auto, (max-width: 443px) 100vw, 443px\" \/><\/a><\/div>\t\t<\/div>\r\n\t<\/article>\r\n\t<article class=\"w-grid-item us_animate_afb post-3831 attachment type-attachment status-inherit hentry\" data-id=\"3831\" style=\"animation-delay:0.7s\">\r\n\t\t<div class=\"w-grid-item-h\">\r\n\t\t\t\t\t\t\t<a class=\"w-grid-item-anchor\" href=\"https:\/\/sblretificadecabecotes.com\/site\/wp-content\/uploads\/2022\/03\/sbl-retifica-cabecotes-motor-diesel-sao-paulo-solda-bloco-vila-maria-7.jpg\" ref=\"magnificPopupGrid\" title=\"sbl-retifica-cabecotes-motor-diesel-sao-paulo-solda-bloco-vila-maria-7\"><\/a>\r\n\t\t\t\t\t\t<div class=\"w-post-elm post_image usg_post_image_1 stretched\"><a href=\"https:\/\/sblretificadecabecotes.com\/site\/wp-content\/uploads\/2022\/03\/sbl-retifica-cabecotes-motor-diesel-sao-paulo-solda-bloco-vila-maria-7.jpg\" ref=\"magnificPopup\" aria-label=\"sbl-retifica-cabecotes-motor-diesel-sao-paulo-solda-bloco-vila-maria-7\"><img loading=\"lazy\" decoding=\"async\" width=\"440\" height=\"600\" src=\"https:\/\/sblretificadecabecotes.com\/site\/wp-content\/uploads\/2022\/03\/sbl-retifica-cabecotes-motor-diesel-sao-paulo-solda-bloco-vila-maria-7.jpg\" class=\"attachment-large size-large\" alt=\"\" srcset=\"https:\/\/sblretificadecabecotes.com\/site\/wp-content\/uploads\/2022\/03\/sbl-retifica-cabecotes-motor-diesel-sao-paulo-solda-bloco-vila-maria-7.jpg 440w, https:\/\/sblretificadecabecotes.com\/site\/wp-content\/uploads\/2022\/03\/sbl-retifica-cabecotes-motor-diesel-sao-paulo-solda-bloco-vila-maria-7-220x300.jpg 220w\" sizes=\"auto, (max-width: 440px) 100vw, 440px\" \/><\/a><\/div>\t\t<\/div>\r\n\t<\/article>\r\n\t<article class=\"w-grid-item us_animate_afb post-3830 attachment type-attachment status-inherit hentry\" data-id=\"3830\" style=\"animation-delay:0.8s\">\r\n\t\t<div class=\"w-grid-item-h\">\r\n\t\t\t\t\t\t\t<a class=\"w-grid-item-anchor\" href=\"https:\/\/sblretificadecabecotes.com\/site\/wp-content\/uploads\/2022\/03\/sbl-retifica-cabecotes-motor-diesel-sao-paulo-solda-bloco-vila-maria-6.jpg\" ref=\"magnificPopupGrid\" title=\"sbl-retifica-cabecotes-motor-diesel-sao-paulo-solda-bloco-vila-maria-6\"><\/a>\r\n\t\t\t\t\t\t<div class=\"w-post-elm post_image usg_post_image_1 stretched\"><a href=\"https:\/\/sblretificadecabecotes.com\/site\/wp-content\/uploads\/2022\/03\/sbl-retifica-cabecotes-motor-diesel-sao-paulo-solda-bloco-vila-maria-6.jpg\" ref=\"magnificPopup\" aria-label=\"sbl-retifica-cabecotes-motor-diesel-sao-paulo-solda-bloco-vila-maria-6\"><img loading=\"lazy\" decoding=\"async\" width=\"440\" height=\"600\" src=\"https:\/\/sblretificadecabecotes.com\/site\/wp-content\/uploads\/2022\/03\/sbl-retifica-cabecotes-motor-diesel-sao-paulo-solda-bloco-vila-maria-6.jpg\" class=\"attachment-large size-large\" alt=\"\" srcset=\"https:\/\/sblretificadecabecotes.com\/site\/wp-content\/uploads\/2022\/03\/sbl-retifica-cabecotes-motor-diesel-sao-paulo-solda-bloco-vila-maria-6.jpg 440w, https:\/\/sblretificadecabecotes.com\/site\/wp-content\/uploads\/2022\/03\/sbl-retifica-cabecotes-motor-diesel-sao-paulo-solda-bloco-vila-maria-6-220x300.jpg 220w\" sizes=\"auto, (max-width: 440px) 100vw, 440px\" \/><\/a><\/div>\t\t<\/div>\r\n\t<\/article>\r\n\t<article class=\"w-grid-item us_animate_afb post-3829 attachment type-attachment status-inherit hentry\" data-id=\"3829\" style=\"animation-delay:0.9s\">\r\n\t\t<div class=\"w-grid-item-h\">\r\n\t\t\t\t\t\t\t<a class=\"w-grid-item-anchor\" href=\"https:\/\/sblretificadecabecotes.com\/site\/wp-content\/uploads\/2022\/03\/sbl-retifica-cabecotes-motor-diesel-sao-paulo-solda-bloco-vila-maria-5.jpg\" ref=\"magnificPopupGrid\" title=\"sbl-retifica-cabecotes-motor-diesel-sao-paulo-solda-bloco-vila-maria-5\"><\/a>\r\n\t\t\t\t\t\t<div class=\"w-post-elm post_image usg_post_image_1 stretched\"><a href=\"https:\/\/sblretificadecabecotes.com\/site\/wp-content\/uploads\/2022\/03\/sbl-retifica-cabecotes-motor-diesel-sao-paulo-solda-bloco-vila-maria-5.jpg\" ref=\"magnificPopup\" aria-label=\"sbl-retifica-cabecotes-motor-diesel-sao-paulo-solda-bloco-vila-maria-5\"><img loading=\"lazy\" decoding=\"async\" width=\"440\" height=\"600\" src=\"https:\/\/sblretificadecabecotes.com\/site\/wp-content\/uploads\/2022\/03\/sbl-retifica-cabecotes-motor-diesel-sao-paulo-solda-bloco-vila-maria-5.jpg\" class=\"attachment-large size-large\" alt=\"\" srcset=\"https:\/\/sblretificadecabecotes.com\/site\/wp-content\/uploads\/2022\/03\/sbl-retifica-cabecotes-motor-diesel-sao-paulo-solda-bloco-vila-maria-5.jpg 440w, https:\/\/sblretificadecabecotes.com\/site\/wp-content\/uploads\/2022\/03\/sbl-retifica-cabecotes-motor-diesel-sao-paulo-solda-bloco-vila-maria-5-220x300.jpg 220w\" sizes=\"auto, (max-width: 440px) 100vw, 440px\" \/><\/a><\/div>\t\t<\/div>\r\n\t<\/article>\r\n\t<article class=\"w-grid-item us_animate_afb post-3828 attachment type-attachment status-inherit hentry\" data-id=\"3828\" style=\"animation-delay:1s\">\r\n\t\t<div class=\"w-grid-item-h\">\r\n\t\t\t\t\t\t\t<a class=\"w-grid-item-anchor\" href=\"https:\/\/sblretificadecabecotes.com\/site\/wp-content\/uploads\/2022\/03\/sbl-retifica-cabecotes-motor-diesel-sao-paulo-solda-bloco-vila-maria-4.jpg\" ref=\"magnificPopupGrid\" title=\"sbl-retifica-cabecotes-motor-diesel-sao-paulo-solda-bloco-vila-maria-4\"><\/a>\r\n\t\t\t\t\t\t<div class=\"w-post-elm post_image usg_post_image_1 stretched\"><a href=\"https:\/\/sblretificadecabecotes.com\/site\/wp-content\/uploads\/2022\/03\/sbl-retifica-cabecotes-motor-diesel-sao-paulo-solda-bloco-vila-maria-4.jpg\" ref=\"magnificPopup\" aria-label=\"sbl-retifica-cabecotes-motor-diesel-sao-paulo-solda-bloco-vila-maria-4\"><img loading=\"lazy\" decoding=\"async\" width=\"440\" height=\"600\" src=\"https:\/\/sblretificadecabecotes.com\/site\/wp-content\/uploads\/2022\/03\/sbl-retifica-cabecotes-motor-diesel-sao-paulo-solda-bloco-vila-maria-4.jpg\" class=\"attachment-large size-large\" alt=\"\" srcset=\"https:\/\/sblretificadecabecotes.com\/site\/wp-content\/uploads\/2022\/03\/sbl-retifica-cabecotes-motor-diesel-sao-paulo-solda-bloco-vila-maria-4.jpg 440w, https:\/\/sblretificadecabecotes.com\/site\/wp-content\/uploads\/2022\/03\/sbl-retifica-cabecotes-motor-diesel-sao-paulo-solda-bloco-vila-maria-4-220x300.jpg 220w\" sizes=\"auto, (max-width: 440px) 100vw, 440px\" \/><\/a><\/div>\t\t<\/div>\r\n\t<\/article>\r\n\t<article class=\"w-grid-item us_animate_afb post-3827 attachment type-attachment status-inherit hentry\" data-id=\"3827\" style=\"animation-delay:1.1s\">\r\n\t\t<div class=\"w-grid-item-h\">\r\n\t\t\t\t\t\t\t<a class=\"w-grid-item-anchor\" href=\"https:\/\/sblretificadecabecotes.com\/site\/wp-content\/uploads\/2022\/03\/sbl-retifica-cabecotes-motor-diesel-sao-paulo-solda-bloco-vila-maria-3.jpg\" ref=\"magnificPopupGrid\" title=\"sbl-retifica-cabecotes-motor-diesel-sao-paulo-solda-bloco-vila-maria-3\"><\/a>\r\n\t\t\t\t\t\t<div class=\"w-post-elm post_image usg_post_image_1 stretched\"><a href=\"https:\/\/sblretificadecabecotes.com\/site\/wp-content\/uploads\/2022\/03\/sbl-retifica-cabecotes-motor-diesel-sao-paulo-solda-bloco-vila-maria-3.jpg\" ref=\"magnificPopup\" aria-label=\"sbl-retifica-cabecotes-motor-diesel-sao-paulo-solda-bloco-vila-maria-3\"><img loading=\"lazy\" decoding=\"async\" width=\"440\" height=\"600\" src=\"https:\/\/sblretificadecabecotes.com\/site\/wp-content\/uploads\/2022\/03\/sbl-retifica-cabecotes-motor-diesel-sao-paulo-solda-bloco-vila-maria-3.jpg\" class=\"attachment-large size-large\" alt=\"\" srcset=\"https:\/\/sblretificadecabecotes.com\/site\/wp-content\/uploads\/2022\/03\/sbl-retifica-cabecotes-motor-diesel-sao-paulo-solda-bloco-vila-maria-3.jpg 440w, https:\/\/sblretificadecabecotes.com\/site\/wp-content\/uploads\/2022\/03\/sbl-retifica-cabecotes-motor-diesel-sao-paulo-solda-bloco-vila-maria-3-220x300.jpg 220w\" sizes=\"auto, (max-width: 440px) 100vw, 440px\" \/><\/a><\/div>\t\t<\/div>\r\n\t<\/article>\r\n\t<article class=\"w-grid-item us_animate_afb post-3826 attachment type-attachment status-inherit hentry\" data-id=\"3826\" style=\"animation-delay:1.2s\">\r\n\t\t<div class=\"w-grid-item-h\">\r\n\t\t\t\t\t\t\t<a class=\"w-grid-item-anchor\" href=\"https:\/\/sblretificadecabecotes.com\/site\/wp-content\/uploads\/2022\/03\/sbl-retifica-cabecotes-motor-diesel-sao-paulo-solda-bloco-vila-maria-2.jpg\" ref=\"magnificPopupGrid\" title=\"sbl-retifica-cabecotes-motor-diesel-sao-paulo-solda-bloco-vila-maria-2\"><\/a>\r\n\t\t\t\t\t\t<div class=\"w-post-elm post_image usg_post_image_1 stretched\"><a href=\"https:\/\/sblretificadecabecotes.com\/site\/wp-content\/uploads\/2022\/03\/sbl-retifica-cabecotes-motor-diesel-sao-paulo-solda-bloco-vila-maria-2.jpg\" ref=\"magnificPopup\" aria-label=\"sbl-retifica-cabecotes-motor-diesel-sao-paulo-solda-bloco-vila-maria-2\"><img loading=\"lazy\" decoding=\"async\" width=\"440\" height=\"600\" src=\"https:\/\/sblretificadecabecotes.com\/site\/wp-content\/uploads\/2022\/03\/sbl-retifica-cabecotes-motor-diesel-sao-paulo-solda-bloco-vila-maria-2.jpg\" class=\"attachment-large size-large\" alt=\"\" srcset=\"https:\/\/sblretificadecabecotes.com\/site\/wp-content\/uploads\/2022\/03\/sbl-retifica-cabecotes-motor-diesel-sao-paulo-solda-bloco-vila-maria-2.jpg 440w, https:\/\/sblretificadecabecotes.com\/site\/wp-content\/uploads\/2022\/03\/sbl-retifica-cabecotes-motor-diesel-sao-paulo-solda-bloco-vila-maria-2-220x300.jpg 220w\" sizes=\"auto, (max-width: 440px) 100vw, 440px\" \/><\/a><\/div>\t\t<\/div>\r\n\t<\/article>\r\n<\/div><div class=\"w-grid-preloader\"><div class=\"g-preloader type_4\">\r\n\t<div><\/div>\r\n<\/div>\r\n<\/div>\t<div class=\"w-grid-json hidden\" onclick='return {&quot;action&quot;:&quot;us_ajax_grid&quot;,&quot;ajax_url&quot;:&quot;https:\\\/\\\/sblretificadecabecotes.com\\\/site\\\/wp-admin\\\/admin-ajax.php&quot;,&quot;infinite_scroll&quot;:0,&quot;max_num_pages&quot;:1,&quot;pagination&quot;:&quot;infinite&quot;,&quot;permalink_url&quot;:&quot;https:\\\/\\\/sblretificadecabecotes.com\\\/site\\\/wp-json\\\/wp\\\/v2\\\/pages\\\/3199&quot;,&quot;template_vars&quot;:{&quot;columns&quot;:&quot;5&quot;,&quot;exclude_items&quot;:&quot;none&quot;,&quot;img_size&quot;:&quot;default&quot;,&quot;ignore_items_size&quot;:false,&quot;items_layout&quot;:&quot;3841&quot;,&quot;items_offset&quot;:&quot;1&quot;,&quot;load_animation&quot;:&quot;afb&quot;,&quot;overriding_link&quot;:&quot;popup_post_image&quot;,&quot;post_id&quot;:3199,&quot;query_args&quot;:{&quot;post_type&quot;:[&quot;attachment&quot;],&quot;post__in&quot;:[&quot;3840&quot;,&quot;3838&quot;,&quot;3837&quot;,&quot;3836&quot;,&quot;3835&quot;,&quot;3834&quot;,&quot;3833&quot;,&quot;3831&quot;,&quot;3830&quot;,&quot;3829&quot;,&quot;3828&quot;,&quot;3827&quot;,&quot;3826&quot;],&quot;post_status&quot;:&quot;inherit&quot;,&quot;post_mime_type&quot;:&quot;image&quot;,&quot;posts_per_page&quot;:&quot;20&quot;},&quot;orderby_query_args&quot;:{&quot;orderby&quot;:{&quot;date&quot;:&quot;DESC&quot;}},&quot;type&quot;:&quot;grid&quot;,&quot;us_grid_ajax_index&quot;:1,&quot;us_grid_filter_params&quot;:null,&quot;us_grid_index&quot;:1,&quot;_us_grid_post_type&quot;:&quot;attachment&quot;}}'><\/div>\r\n\t<\/div><\/div><\/div><\/div><\/div><\/div><\/section><section class=\"l-section wpb_row height_auto width_full\"><div class=\"l-section-h i-cf\"><div class=\"g-cols vc_row via_flex valign_top type_default\"><div class=\"vc_col-sm-12 wpb_column vc_column_container \"><div class=\"vc_column-inner us_custom_60e9caca us_animate_this\"><div class=\"wpb_wrapper\"><section class=\"l-section wpb_row height_medium\"><div class=\"l-section-h i-cf\"><div class=\"g-cols vc_row via_flex valign_top type_default\"><div class=\"vc_col-sm-12 wpb_column vc_column_container us_animate_afb\"><div class=\"vc_column-inner\"><div class=\"wpb_wrapper\"><div class=\"wpb_text_column\"><div class=\"wpb_wrapper\"><h2>Precisa de mais informa\u00e7\u00f5es?<\/h2>\n<\/div><\/div><\/div><\/div><\/div><\/div><\/div><\/section><section class=\"l-section wpb_row height_medium color_alternate\"><div class=\"l-section-h i-cf\"><div class=\"g-cols vc_row via_flex valign_top type_default\"><div class=\"vc_col-sm-4 wpb_column vc_column_container\"><div class=\"vc_column-inner\"><div class=\"wpb_wrapper\"><div class=\"wpb_text_column us_custom_f3e81ad8 us_animate_this\"><div class=\"wpb_wrapper\"><h4><a href=\"mailto:sac@sblretificadecabecotes.com.br\">sac@sblretificadecabecotes.com.br<\/a><\/h4>\n<\/div><\/div><\/div><\/div><\/div><div class=\"vc_col-sm-8 wpb_column vc_column_container\"><div class=\"vc_column-inner\"><div class=\"wpb_wrapper\"><div class=\"wpb_text_column us_custom_8323c574 us_animate_this\"><div class=\"wpb_wrapper\"><p>Entre em contato conosco para obter mais detalhes sobre <strong>retifica\u00e7\u00f5es de cabe\u00e7otes<\/strong>.<\/p>\n<\/div><\/div><\/div><\/div><\/div><\/div><\/div><\/section>\n<\/div><\/div><\/div><\/div><\/div><\/section>\n","protected":false},"excerpt":{"rendered":"","protected":false},"author":1,"featured_media":0,"parent":0,"menu_order":0,"comment_status":"closed","ping_status":"closed","template":"","meta":{"footnotes":""},"class_list":["post-3199","page","type-page","status-publish","hentry"],"_links":{"self":[{"href":"https:\/\/sblretificadecabecotes.com\/site\/wp-json\/wp\/v2\/pages\/3199","targetHints":{"allow":["GET"]}}],"collection":[{"href":"https:\/\/sblretificadecabecotes.com\/site\/wp-json\/wp\/v2\/pages"}],"about":[{"href":"https:\/\/sblretificadecabecotes.com\/site\/wp-json\/wp\/v2\/types\/page"}],"author":[{"embeddable":true,"href":"https:\/\/sblretificadecabecotes.com\/site\/wp-json\/wp\/v2\/users\/1"}],"replies":[{"embeddable":true,"href":"https:\/\/sblretificadecabecotes.com\/site\/wp-json\/wp\/v2\/comments?post=3199"}],"version-history":[{"count":6,"href":"https:\/\/sblretificadecabecotes.com\/site\/wp-json\/wp\/v2\/pages\/3199\/revisions"}],"predecessor-version":[{"id":3871,"href":"https:\/\/sblretificadecabecotes.com\/site\/wp-json\/wp\/v2\/pages\/3199\/revisions\/3871"}],"wp:attachment":[{"href":"https:\/\/sblretificadecabecotes.com\/site\/wp-json\/wp\/v2\/media?parent=3199"}],"curies":[{"name":"wp","href":"https:\/\/api.w.org\/{rel}","templated":true}]}}